{"id":983,"date":"2021-04-18T04:28:06","date_gmt":"2021-04-18T04:28:06","guid":{"rendered":"http:\/\/sr-valmennus.fi\/?page_id=983"},"modified":"2022-07-13T17:15:23","modified_gmt":"2022-07-13T17:15:23","slug":"contact","status":"publish","type":"page","link":"https:\/\/www.sr-valmennus.fi\/?page_id=983","title":{"rendered":"Yhteydenotto"},"content":{"rendered":"\n<h1>\n\t\tYhteydenotto\n\t<\/h1>\n\t<h6>\n\t\t\t\t\tPuhelin\n\t\t\t\t<\/h6>\n\t<h4>\n\t\t\t\t\t040-7346864\n\t\t\t\t<\/h4>\n\t<h6>\n\t\t\t\t\tS\u00e4hk\u00f6posti\n\t\t\t\t<\/h6>\n\t<h4>\n\t\t\t\t\tsami.reinikainen@sr-valmennus.fi\n\t\t\t\t<\/h4>\n\t<h6>\n\t\t\t\t\tOle yhteydess\u00e4\n\t\t\t\t<\/h6>\n\n","protected":false},"excerpt":{"rendered":"<p>Yhteydenotto Puhelin 040-7346864 S\u00e4hk\u00f6posti sami.reinikainen@sr-valmennus.fi Ole yhteydess\u00e4<\/p>\n","protected":false},"author":1,"featured_media":0,"parent":0,"menu_order":0,"comment_status":"closed","ping_status":"closed","template":"","meta":{"om_disable_all_campaigns":false,"_monsterinsights_skip_tracking":false,"_monsterinsights_sitenote_active":false,"_monsterinsights_sitenote_note":"","_monsterinsights_sitenote_category":0,"footnotes":""},"class_list":["post-983","page","type-page","status-publish","hentry"],"aioseo_notices":[],"_links":{"self":[{"href":"https:\/\/www.sr-valmennus.fi\/index.php?rest_route=\/wp\/v2\/pages\/983","targetHints":{"allow":["GET"]}}],"collection":[{"href":"https:\/\/www.sr-valmennus.fi\/index.php?rest_route=\/wp\/v2\/pages"}],"about":[{"href":"https:\/\/www.sr-valmennus.fi\/index.php?rest_route=\/wp\/v2\/types\/page"}],"author":[{"embeddable":true,"href":"https:\/\/www.sr-valmennus.fi\/index.php?rest_route=\/wp\/v2\/users\/1"}],"replies":[{"embeddable":true,"href":"https:\/\/www.sr-valmennus.fi\/index.php?rest_route=%2Fwp%2Fv2%2Fcomments&post=983"}],"version-history":[{"count":18,"href":"https:\/\/www.sr-valmennus.fi\/index.php?rest_route=\/wp\/v2\/pages\/983\/revisions"}],"predecessor-version":[{"id":1193,"href":"https:\/\/www.sr-valmennus.fi\/index.php?rest_route=\/wp\/v2\/pages\/983\/revisions\/1193"}],"wp:attachment":[{"href":"https:\/\/www.sr-valmennus.fi\/index.php?rest_route=%2Fwp%2Fv2%2Fmedia&parent=983"}],"curies":[{"name":"wp","href":"https:\/\/api.w.org\/{rel}","templated":true}]}}