{"id":968,"date":"2021-04-17T04:49:59","date_gmt":"2021-04-17T04:49:59","guid":{"rendered":"http:\/\/sr-valmennus.fi\/?page_id=968"},"modified":"2023-07-02T08:30:19","modified_gmt":"2023-07-02T06:30:19","slug":"home","status":"publish","type":"page","link":"https:\/\/www.sr-valmennus.fi\/","title":{"rendered":"Koti"},"content":{"rendered":"\n<h1>\n\t\tSR-Valmennus\n\t<\/h1>\n\t<p>Yksil\u00f6llist\u00e4 jalkapallovalmennusta ja yhdistysapua<\/p>\n\t<p>SR-Valmennuksen tavoitteena on tukea yksil\u00f6\u00e4 kehitt\u00e4m\u00e4\u00e4n omia jalkapallotaitoja, sek\u00e4 auttaa yhdistyksi\u00e4 teht\u00e4viss\u00e4\u00e4n.<\/p>\n\t<p><strong>VALMENNUS<\/strong><\/p>\n<p>&nbsp;<\/p>\n<p>SR-Valmennuksen yksil\u00f6- ja pienryhm\u00e4valmennuksessa edistet\u00e4\u00e4n pelaajan henkil\u00f6kohtaista kehityst\u00e4 ja autetaan saavuttamaan oman tavoitteellisen tasonsa. Valmennuksemme kehitt\u00e4\u00e4 pelaajan tekniikka, pelitaitoa, sek\u00e4 ymm\u00e4rryst\u00e4 pelipaikkakohtaisessa pelaamisessa.<\/p>\n\t<p><strong>YHDISTYKSET<\/strong><\/p>\n<p>&nbsp;<\/p>\n<p>SR-Valmennus haluaa auttaa erilaisia yhdistyksi\u00e4 heid\u00e4n p\u00e4ivitt\u00e4isess\u00e4 toiminnoissaan, mm. laskujen tekemist\u00e4 ja maksujen maksamista, j\u00e4senrekisterin yll\u00e4pitoa, kotisivujen p\u00e4ivitt\u00e4mist\u00e4 yms.<\/p>\n<h1>\n\t\tYritys\n\t<\/h1>\n\t<p>SR-Valmennus perustettiin vuonna 2022 tarjoamaan pelaajille yksil\u00f6llist\u00e4 valmennusta. Toimiessani maalivahtivalmentajana huomasin kuinka yksil\u00f6llist\u00e4 valmentamista se on ja aloin tarkkailemaan seurojen- ja joukkueharjoituksien kentt\u00e4pelaajien toimintaa. Havaintoni oli, ett\u00e4 niiss\u00e4 hyvin usein yksil\u00f6 j\u00e4\u00e4 v\u00e4hemm\u00e4lle huomiolle ja mietin voisiko heillekin antaa enemm\u00e4n yksil\u00f6valmennusta. Moni tuntee kuntosalien Personal Trainer toiminnan, joka siis keskittyy yksil\u00f6n kehitt\u00e4miseen. On helpompi kehitty\u00e4, kun saa valmentajalta samantien palautetta, kuin yksin tekisi harjoituksen. T\u00e4st\u00e4 sainkin ajatuksen alkaa tarjoamaan henkil\u00f6kohtaista valmennusta jalkapallon pelaajille ja maalivahdeille.<\/p>\n<p>&nbsp;<\/p>\n<p>SR-Valmennuksen p\u00e4\u00e4paino on alle 18-vuotiaiden kentt\u00e4pelaajien, sek\u00e4 maalivahtien tekniikka, pelitaito ja pelipaikkakohtaisen vaatimuksien yksil\u00f6taitojen kehitt\u00e4misess\u00e4, ei niink\u00e4\u00e4n pelik\u00e4sityksess\u00e4 tai taktiikassa. Seuraamme pelaajien kehityst\u00e4 ja r\u00e4\u00e4t\u00e4l\u00f6imme valmennussuunnitelmat yksil\u00f6llisten tarpeiden mukaan.<\/p>\n<p>&nbsp;<\/p>\n<p>Valmennuksen lis\u00e4ksi SR-valmennus tarjoaa erilaisille yhdistyksille apuja p\u00e4ivitt\u00e4isen toiminnan py\u00f6ritt\u00e4miseen. Yh\u00e4 enemmin m\u00e4\u00e4rin on haastavaa saada ihmisi\u00e4 hoitamaan yhdistyksien teht\u00e4vi\u00e4, joten pystymme tarjoamaan palveluitamme korvaamaan tekij\u00f6it\u00e4, jotta yhdistys voi jatkaa ja v\u00e4hent\u00e4\u00e4 vastuuhenkil\u00f6iden kuormaa. Yhdistystoiminnassa mukana pitk\u00e4\u00e4n mukana olleena on kertynyt osaamista useista eri osa-alueista.<\/p>\n<p>&nbsp;<\/p>\n<p>SR-Valmennuksen tarjonnasta lis\u00e4\u00e4 <a href=\"http:\/\/www.sr-valmennus.fi\/?page_id=980\">Palvelut<\/a> sivustolla<\/p>\n\n","protected":false},"excerpt":{"rendered":"<p>SR-Valmennus Yksil\u00f6llist\u00e4 jalkapallovalmennusta ja yhdistysapua SR-Valmennuksen tavoitteena on tukea yksil\u00f6\u00e4 kehitt\u00e4m\u00e4\u00e4n omia jalkapallotaitoja, sek\u00e4 auttaa yhdistyksi\u00e4 teht\u00e4viss\u00e4\u00e4n. VALMENNUS &nbsp; SR-Valmennuksen yksil\u00f6- ja pienryhm\u00e4valmennuksessa edistet\u00e4\u00e4n pelaajan henkil\u00f6kohtaista kehityst\u00e4 ja autetaan saavuttamaan oman tavoitteellisen tasonsa. Valmennuksemme kehitt\u00e4\u00e4 pelaajan tekniikka, pelitaitoa, sek\u00e4 ymm\u00e4rryst\u00e4 pelipaikkakohtaisessa pelaamisessa. YHDISTYKSET &nbsp; SR-Valmennus haluaa auttaa erilaisia yhdistyksi\u00e4 heid\u00e4n p\u00e4ivitt\u00e4isess\u00e4 toiminnoissaan, mm. laskujen tekemist\u00e4 [&hellip;]<\/p>\n","protected":false},"author":1,"featured_media":0,"parent":0,"menu_order":0,"comment_status":"closed","ping_status":"closed","template":"","meta":{"om_disable_all_campaigns":false,"_monsterinsights_skip_tracking":false,"_monsterinsights_sitenote_active":false,"_monsterinsights_sitenote_note":"","_monsterinsights_sitenote_category":0,"footnotes":""},"class_list":["post-968","page","type-page","status-publish","hentry"],"aioseo_notices":[],"_links":{"self":[{"href":"https:\/\/www.sr-valmennus.fi\/index.php?rest_route=\/wp\/v2\/pages\/968","targetHints":{"allow":["GET"]}}],"collection":[{"href":"https:\/\/www.sr-valmennus.fi\/index.php?rest_route=\/wp\/v2\/pages"}],"about":[{"href":"https:\/\/www.sr-valmennus.fi\/index.php?rest_route=\/wp\/v2\/types\/page"}],"author":[{"embeddable":true,"href":"https:\/\/www.sr-valmennus.fi\/index.php?rest_route=\/wp\/v2\/users\/1"}],"replies":[{"embeddable":true,"href":"https:\/\/www.sr-valmennus.fi\/index.php?rest_route=%2Fwp%2Fv2%2Fcomments&post=968"}],"version-history":[{"count":20,"href":"https:\/\/www.sr-valmennus.fi\/index.php?rest_route=\/wp\/v2\/pages\/968\/revisions"}],"predecessor-version":[{"id":1231,"href":"https:\/\/www.sr-valmennus.fi\/index.php?rest_route=\/wp\/v2\/pages\/968\/revisions\/1231"}],"wp:attachment":[{"href":"https:\/\/www.sr-valmennus.fi\/index.php?rest_route=%2Fwp%2Fv2%2Fmedia&parent=968"}],"curies":[{"name":"wp","href":"https:\/\/api.w.org\/{rel}","templated":true}]}}